{"id":92,"date":"2025-02-17T12:07:20","date_gmt":"2025-02-17T12:07:20","guid":{"rendered":"https:\/\/academy.formatrix.fr\/mentions-legales\/"},"modified":"2025-02-17T12:21:52","modified_gmt":"2025-02-17T12:21:52","slug":"mentions-legales","status":"publish","type":"page","link":"https:\/\/academy.formatrix.fr\/en\/mentions-legales\/","title":{"rendered":"Mentions l\u00e9gales"},"content":{"rendered":"<div data-elementor-type=\"wp-page\" data-elementor-id=\"92\" class=\"elementor elementor-92\" data-elementor-post-type=\"page\">\n\t\t\t\t<div class=\"elementor-element elementor-element-d64b87a e-flex e-con-boxed e-con e-parent\" data-id=\"d64b87a\" data-element_type=\"container\" data-e-type=\"container\">\n\t\t\t\t\t<div class=\"e-con-inner\">\n\t\t<div class=\"elementor-element elementor-element-1d630d84 e-con-full e-flex e-con e-child\" data-id=\"1d630d84\" data-element_type=\"container\" data-e-type=\"container\" data-settings=\"{&quot;background_background&quot;:&quot;gradient&quot;}\">\n\t\t<div class=\"elementor-element elementor-element-2d3a83b4 e-con-full e-flex e-con e-child\" data-id=\"2d3a83b4\" data-element_type=\"container\" data-e-type=\"container\">\n\t\t\t\t<div class=\"elementor-element elementor-element-74894c8c elementor-widget elementor-widget-heading\" data-id=\"74894c8c\" data-element_type=\"widget\" data-e-type=\"widget\" data-widget_type=\"heading.default\">\n\t\t\t\t<div class=\"elementor-widget-container\">\n\t\t\t\t\t<h1 class=\"elementor-heading-title elementor-size-default\">Mentions l\u00e9gales<\/h1>\t\t\t\t<\/div>\n\t\t\t\t<\/div>\n\t\t\t\t<\/div>\n\t\t<div class=\"elementor-element elementor-element-45fd9bf8 e-con-full e-flex e-con e-child\" data-id=\"45fd9bf8\" data-element_type=\"container\" data-e-type=\"container\">\n\t\t\t\t<div class=\"elementor-element elementor-element-77b1171b elementor-widget elementor-widget-image\" data-id=\"77b1171b\" data-element_type=\"widget\" data-e-type=\"widget\" data-widget_type=\"image.default\">\n\t\t\t\t<div class=\"elementor-widget-container\">\n\t\t\t\t\t\t\t\t\t\t\t\t\t\t\t<img fetchpriority=\"high\" decoding=\"async\" width=\"476\" height=\"511\" src=\"https:\/\/academy.formatrix.fr\/wp-content\/uploads\/2025\/02\/portage-qualiopi.webp\" class=\"attachment-large size-large wp-image-57\" alt=\"\" srcset=\"https:\/\/academy.formatrix.fr\/wp-content\/uploads\/2025\/02\/portage-qualiopi.webp 476w, https:\/\/academy.formatrix.fr\/wp-content\/uploads\/2025\/02\/portage-qualiopi-279x300.webp 279w\" sizes=\"(max-width: 476px) 100vw, 476px\" \/>\t\t\t\t\t\t\t\t\t\t\t\t\t\t\t<\/div>\n\t\t\t\t<\/div>\n\t\t\t\t<\/div>\n\t\t\t\t<\/div>\n\t\t\t\t\t<\/div>\n\t\t\t\t<\/div>\n\t\t<div class=\"elementor-element elementor-element-4c00de54 e-flex e-con-boxed e-con e-parent\" data-id=\"4c00de54\" data-element_type=\"container\" data-e-type=\"container\">\n\t\t\t\t\t<div class=\"e-con-inner\">\n\t\t\t\t<div class=\"elementor-element elementor-element-6d0b42c6 elementor-widget elementor-widget-text-editor\" data-id=\"6d0b42c6\" data-element_type=\"widget\" data-e-type=\"widget\" data-widget_type=\"text-editor.default\">\n\t\t\t\t<div class=\"elementor-widget-container\">\n\t\t\t\t\t\t\t\t\t<p><strong>Conform\u00e9ment \u00e0 l&#8217;article 6 de la loi n\u00b0 2004-575 du 21 juin 2004 pour la confiance dans l&#8217;\u00e9conomie num\u00e9rique, il est pr\u00e9cis\u00e9 aux utilisateurs du site <a href=\"https:\/\/formatrix.fr\/\" target=\"_new\" rel=\"noopener\">https:\/\/formatrix.fr\/<\/a> l&#8217;identit\u00e9 des diff\u00e9rents intervenants dans le cadre de sa r\u00e9alisation et de son suivi :<\/strong><\/p><p><strong>1. Propri\u00e9taire du site<\/strong><br \/>Nom de la soci\u00e9t\u00e9 : <strong>BACK TO BUSINESS<\/strong><br \/>Forme juridique : SASU<br \/>Capital social : 3 000 \u20ac<br \/>Adresse : <strong>95 rue principale, 68118 Hirtzbach<\/strong><br \/>SIRET : <strong>91843372300015<\/strong><br \/>RCS : <strong>918 433 723 R.C.S. Mulhouse<\/strong><br \/>Num\u00e9ro TVA intracommunautaire : <strong>FR79918433723<\/strong><br \/>Adresse e-mail : <strong><a rel=\"noopener\">backtobusiness.eu@gmail.com<\/a><\/strong><\/p><p><strong>2. Responsable de publication<\/strong><br \/>Nom : <strong>Ludovic Albisser<\/strong><br \/>Adresse e-mail : <strong><a rel=\"noopener\">backtobusiness.eu@gmail.com<br \/><\/a><\/strong><a href=\"http:\/\/agencewebart.fr\" rel=\"noopener\">Refonte graphique : Agence Web Art<\/a><\/p><p><strong>3. H\u00e9bergeur du site<\/strong><br \/>Nom : <strong>Hostinger<\/strong><br \/>Adresse : <strong>61 Lordou Vironos Street, 6023 Larnaca, Chypre<\/strong><br \/>T\u00e9l\u00e9phone : <strong>08 92 97 70 93<\/strong><\/p><p><strong>4. Conditions g\u00e9n\u00e9rales d\u2019utilisation du site<\/strong><br \/>L\u2019utilisation du site <a href=\"https:\/\/formatrix.fr\/\" target=\"_new\" rel=\"noopener\">https:\/\/formatrix.fr\/<\/a> implique l\u2019acceptation pleine et enti\u00e8re des conditions g\u00e9n\u00e9rales d\u2019utilisation d\u00e9crites ci-apr\u00e8s. Ces conditions peuvent \u00eatre modifi\u00e9es ou compl\u00e9t\u00e9es \u00e0 tout moment, les utilisateurs sont donc invit\u00e9s \u00e0 les consulter r\u00e9guli\u00e8rement.<\/p><p><strong>5. Propri\u00e9t\u00e9 intellectuelle<\/strong><br \/>Le site <a href=\"https:\/\/formatrix.fr\/\" target=\"_new\" rel=\"noopener\">https:\/\/formatrix.fr\/<\/a> est une \u0153uvre prot\u00e9g\u00e9e par les lois fran\u00e7aises sur la propri\u00e9t\u00e9 intellectuelle. Toute reproduction, repr\u00e9sentation, modification, publication ou adaptation des \u00e9l\u00e9ments du site (textes, images, logos, etc.) est interdite, sauf autorisation pr\u00e9alable \u00e9crite de la soci\u00e9t\u00e9 BACK TO BUSINESS.<\/p><p><strong>6. Limitations de responsabilit\u00e9<\/strong><br \/>BACK TO BUSINESS ne pourra \u00eatre tenu responsable des dommages directs ou indirects li\u00e9s \u00e0 l\u2019utilisation du site. L\u2019utilisateur s\u2019engage \u00e0 acc\u00e9der au site avec un mat\u00e9riel r\u00e9cent et un navigateur \u00e0 jour, exempt de virus.<\/p><p><strong>7. Droit applicable et juridiction comp\u00e9tente<\/strong><br \/>Tout litige en relation avec l\u2019utilisation du site <a href=\"https:\/\/formatrix.fr\/\" target=\"_new\" rel=\"noopener\">https:\/\/formatrix.fr\/<\/a> est soumis au droit fran\u00e7ais. Les tribunaux comp\u00e9tents de Mulhouse seront seuls comp\u00e9tents.<\/p>\t\t\t\t\t\t\t\t<\/div>\n\t\t\t\t<\/div>\n\t\t\t\t\t<\/div>\n\t\t\t\t<\/div>\n\t\t\t\t<\/div>","protected":false},"excerpt":{"rendered":"<p>Mentions l\u00e9gales Conform\u00e9ment \u00e0 l&#8217;article 6 de la loi n\u00b0 2004-575 du 21 juin 2004 pour la confiance dans l&#8217;\u00e9conomie num\u00e9rique, il est pr\u00e9cis\u00e9 aux&hellip;<\/p>","protected":false},"author":1,"featured_media":0,"parent":0,"menu_order":0,"comment_status":"closed","ping_status":"closed","template":"elementor_header_footer","meta":{"footnotes":""},"class_list":["post-92","page","type-page","status-publish","hentry"],"_links":{"self":[{"href":"https:\/\/academy.formatrix.fr\/en\/wp-json\/wp\/v2\/pages\/92","targetHints":{"allow":["GET"]}}],"collection":[{"href":"https:\/\/academy.formatrix.fr\/en\/wp-json\/wp\/v2\/pages"}],"about":[{"href":"https:\/\/academy.formatrix.fr\/en\/wp-json\/wp\/v2\/types\/page"}],"author":[{"embeddable":true,"href":"https:\/\/academy.formatrix.fr\/en\/wp-json\/wp\/v2\/users\/1"}],"replies":[{"embeddable":true,"href":"https:\/\/academy.formatrix.fr\/en\/wp-json\/wp\/v2\/comments?post=92"}],"version-history":[{"count":4,"href":"https:\/\/academy.formatrix.fr\/en\/wp-json\/wp\/v2\/pages\/92\/revisions"}],"predecessor-version":[{"id":197,"href":"https:\/\/academy.formatrix.fr\/en\/wp-json\/wp\/v2\/pages\/92\/revisions\/197"}],"wp:attachment":[{"href":"https:\/\/academy.formatrix.fr\/en\/wp-json\/wp\/v2\/media?parent=92"}],"curies":[{"name":"wp","href":"https:\/\/api.w.org\/{rel}","templated":true}]}}