{"id":95,"date":"2025-02-17T12:07:20","date_gmt":"2025-02-17T12:07:20","guid":{"rendered":"https:\/\/academy.formatrix.fr\/politique-de-confidentialite\/"},"modified":"2025-02-17T12:22:17","modified_gmt":"2025-02-17T12:22:17","slug":"politique-de-confidentialite","status":"publish","type":"page","link":"https:\/\/academy.formatrix.fr\/en\/politique-de-confidentialite\/","title":{"rendered":"Politique de confidentialit\u00e9"},"content":{"rendered":"<div data-elementor-type=\"wp-page\" data-elementor-id=\"95\" class=\"elementor elementor-95\" data-elementor-post-type=\"page\">\n\t\t\t\t<div class=\"elementor-element elementor-element-6f3d1b04 e-flex e-con-boxed e-con e-parent\" data-id=\"6f3d1b04\" data-element_type=\"container\" data-e-type=\"container\">\n\t\t\t\t\t<div class=\"e-con-inner\">\n\t\t<div class=\"elementor-element elementor-element-2365c086 e-con-full e-flex e-con e-child\" data-id=\"2365c086\" data-element_type=\"container\" data-e-type=\"container\" data-settings=\"{&quot;background_background&quot;:&quot;gradient&quot;}\">\n\t\t<div class=\"elementor-element elementor-element-7b41f58 e-con-full e-flex e-con e-child\" data-id=\"7b41f58\" data-element_type=\"container\" data-e-type=\"container\">\n\t\t\t\t<div class=\"elementor-element elementor-element-4e4836ea elementor-widget elementor-widget-heading\" data-id=\"4e4836ea\" data-element_type=\"widget\" data-e-type=\"widget\" data-widget_type=\"heading.default\">\n\t\t\t\t<div class=\"elementor-widget-container\">\n\t\t\t\t\t<h1 class=\"elementor-heading-title elementor-size-default\">Politique de confidentialit\u00e9\n<\/h1>\t\t\t\t<\/div>\n\t\t\t\t<\/div>\n\t\t\t\t<\/div>\n\t\t<div class=\"elementor-element elementor-element-327afa9b e-con-full e-flex e-con e-child\" data-id=\"327afa9b\" data-element_type=\"container\" data-e-type=\"container\">\n\t\t\t\t<div class=\"elementor-element elementor-element-6ea96a56 elementor-widget elementor-widget-image\" data-id=\"6ea96a56\" data-element_type=\"widget\" data-e-type=\"widget\" data-widget_type=\"image.default\">\n\t\t\t\t<div class=\"elementor-widget-container\">\n\t\t\t\t\t\t\t\t\t\t\t\t\t\t\t<img fetchpriority=\"high\" decoding=\"async\" width=\"476\" height=\"511\" src=\"https:\/\/academy.formatrix.fr\/wp-content\/uploads\/2025\/02\/portage-qualiopi.webp\" class=\"attachment-large size-large wp-image-57\" alt=\"\" srcset=\"https:\/\/academy.formatrix.fr\/wp-content\/uploads\/2025\/02\/portage-qualiopi.webp 476w, https:\/\/academy.formatrix.fr\/wp-content\/uploads\/2025\/02\/portage-qualiopi-279x300.webp 279w\" sizes=\"(max-width: 476px) 100vw, 476px\" \/>\t\t\t\t\t\t\t\t\t\t\t\t\t\t\t<\/div>\n\t\t\t\t<\/div>\n\t\t\t\t<\/div>\n\t\t\t\t<\/div>\n\t\t\t\t\t<\/div>\n\t\t\t\t<\/div>\n\t\t<div class=\"elementor-element elementor-element-2945a12b e-flex e-con-boxed e-con e-parent\" data-id=\"2945a12b\" data-element_type=\"container\" data-e-type=\"container\">\n\t\t\t\t\t<div class=\"e-con-inner\">\n\t\t\t\t<div class=\"elementor-element elementor-element-246c6585 elementor-widget elementor-widget-text-editor\" data-id=\"246c6585\" data-element_type=\"widget\" data-e-type=\"widget\" data-widget_type=\"text-editor.default\">\n\t\t\t\t<div class=\"elementor-widget-container\">\n\t\t\t\t\t\t\t\t\t<p><strong>En conformit\u00e9 avec le R\u00e8glement G\u00e9n\u00e9ral sur la Protection des Donn\u00e9es (RGPD) et la loi Informatique et Libert\u00e9s, cette politique de confidentialit\u00e9 d\u00e9taille la mani\u00e8re dont la soci\u00e9t\u00e9 BACK TO BUSINESS collecte, utilise et prot\u00e8ge les donn\u00e9es personnelles des utilisateurs.<\/strong><\/p><p><strong>1. Responsable du traitement des donn\u00e9es personnelles<\/strong><br \/>Nom de la soci\u00e9t\u00e9 : <strong>BACK TO BUSINESS<\/strong><br \/>Adresse : <strong>95 rue principale, 68118 Hirtzbach<\/strong><br \/>E-mail : <strong><a rel=\"noopener\">backtobusiness.eu@gmail.com<\/a><\/strong><br \/>D\u00e9l\u00e9gu\u00e9 \u00e0 la Protection des Donn\u00e9es (DPO) : <strong>Ludovic Albisser<\/strong><\/p><p><strong>2. Donn\u00e9es collect\u00e9es<\/strong><br \/>BACK TO BUSINESS collecte les donn\u00e9es personnelles suivantes :<\/p><ul><li><strong>Donn\u00e9es fournies directement par l\u2019utilisateur<\/strong> : nom, pr\u00e9nom, adresse e-mail, num\u00e9ro de t\u00e9l\u00e9phone, adresse postale.<\/li><li><strong>Donn\u00e9es techniques<\/strong> : adresse IP, cookies, historique de navigation.<\/li><\/ul><p><strong>3. Finalit\u00e9s du traitement<\/strong><br \/>Les donn\u00e9es collect\u00e9es sont utilis\u00e9es pour :<\/p><ul><li>Permettre l\u2019acc\u00e8s et l\u2019utilisation du site.<\/li><li>Am\u00e9liorer l\u2019exp\u00e9rience utilisateur et le contenu du site.<\/li><li>G\u00e9rer les commandes et le suivi client.<\/li><li>R\u00e9aliser des analyses statistiques.<\/li><li>Envoyer des campagnes de communication (newsletter, SMS, etc.).<\/li><\/ul><p><strong>4. Droits des utilisateurs<\/strong><br \/>Conform\u00e9ment au RGPD, vous disposez des droits suivants :<\/p><ul><li><strong>Acc\u00e8s, rectification et suppression<\/strong> des donn\u00e9es personnelles.<\/li><li><strong>Opposition au traitement<\/strong> de vos donn\u00e9es personnelles.<\/li><li><strong>Portabilit\u00e9 des donn\u00e9es<\/strong> que vous avez fournies.<\/li><li><strong>Limitation du traitement<\/strong> dans certains cas.<br \/>Pour exercer vos droits, contactez-nous par courrier \u00e0 l\u2019adresse suivante :<br \/><strong>BACK TO BUSINESS, 95 rue principale, 68118 Hirtzbach<\/strong><br \/>Joignez une copie de votre pi\u00e8ce d\u2019identit\u00e9.<\/li><\/ul><p><strong>5. Conservation des donn\u00e9es<\/strong><br \/>Les donn\u00e9es personnelles sont conserv\u00e9es pendant la dur\u00e9e n\u00e9cessaire \u00e0 la r\u00e9alisation des finalit\u00e9s mentionn\u00e9es. Certaines donn\u00e9es peuvent \u00eatre conserv\u00e9es plus longtemps si la loi l\u2019exige.<\/p><p><strong>6. S\u00e9curit\u00e9 des donn\u00e9es<\/strong><br \/>BACK TO BUSINESS met en \u0153uvre des mesures techniques et organisationnelles pour prot\u00e9ger vos donn\u00e9es personnelles contre tout acc\u00e8s non autoris\u00e9, alt\u00e9ration ou destruction.<\/p><p><strong>7. Utilisation des cookies<\/strong><br \/>Les cookies sont utilis\u00e9s pour am\u00e9liorer l\u2019exp\u00e9rience utilisateur. Vous pouvez configurer votre navigateur pour refuser les cookies. Cependant, cela peut limiter certaines fonctionnalit\u00e9s du site.<\/p><p><strong>8. Transfert des donn\u00e9es<\/strong><br \/>Aucune donn\u00e9e personnelle n\u2019est transf\u00e9r\u00e9e hors de l\u2019Union europ\u00e9enne. En cas de recours \u00e0 des sous-traitants, BACK TO BUSINESS s\u2019assure qu\u2019ils respectent les exigences du RGPD.<\/p><p><strong>9. Notification en cas de violation des donn\u00e9es<\/strong><br \/>En cas de violation de donn\u00e9es, les utilisateurs concern\u00e9s seront inform\u00e9s conform\u00e9ment \u00e0 la r\u00e9glementation en vigueur.<\/p><p><strong>10. Contact<\/strong><br \/>Pour toute question relative \u00e0 cette politique de confidentialit\u00e9, contactez-nous \u00e0 :<br \/><strong><a rel=\"noopener\">backtobusiness.eu@gmail.com<\/a><\/strong><\/p>\t\t\t\t\t\t\t\t<\/div>\n\t\t\t\t<\/div>\n\t\t\t\t\t<\/div>\n\t\t\t\t<\/div>\n\t\t\t\t<\/div>","protected":false},"excerpt":{"rendered":"<p>Politique de confidentialit\u00e9 En conformit\u00e9 avec le R\u00e8glement G\u00e9n\u00e9ral sur la Protection des Donn\u00e9es (RGPD) et la loi Informatique et Libert\u00e9s, cette politique de confidentialit\u00e9&hellip;<\/p>","protected":false},"author":1,"featured_media":0,"parent":0,"menu_order":0,"comment_status":"closed","ping_status":"closed","template":"elementor_header_footer","meta":{"footnotes":""},"class_list":["post-95","page","type-page","status-publish","hentry"],"_links":{"self":[{"href":"https:\/\/academy.formatrix.fr\/en\/wp-json\/wp\/v2\/pages\/95","targetHints":{"allow":["GET"]}}],"collection":[{"href":"https:\/\/academy.formatrix.fr\/en\/wp-json\/wp\/v2\/pages"}],"about":[{"href":"https:\/\/academy.formatrix.fr\/en\/wp-json\/wp\/v2\/types\/page"}],"author":[{"embeddable":true,"href":"https:\/\/academy.formatrix.fr\/en\/wp-json\/wp\/v2\/users\/1"}],"replies":[{"embeddable":true,"href":"https:\/\/academy.formatrix.fr\/en\/wp-json\/wp\/v2\/comments?post=95"}],"version-history":[{"count":4,"href":"https:\/\/academy.formatrix.fr\/en\/wp-json\/wp\/v2\/pages\/95\/revisions"}],"predecessor-version":[{"id":199,"href":"https:\/\/academy.formatrix.fr\/en\/wp-json\/wp\/v2\/pages\/95\/revisions\/199"}],"wp:attachment":[{"href":"https:\/\/academy.formatrix.fr\/en\/wp-json\/wp\/v2\/media?parent=95"}],"curies":[{"name":"wp","href":"https:\/\/api.w.org\/{rel}","templated":true}]}}